{"id":1225,"date":"2016-10-25T16:08:34","date_gmt":"2016-10-25T16:08:34","guid":{"rendered":"http:\/\/192.168.2.249\/t\/chovi2\/?page_id=1225"},"modified":"2026-03-09T01:03:40","modified_gmt":"2026-03-09T01:03:40","slug":"quienes-somos","status":"publish","type":"page","link":"https:\/\/escuelachovisanjuan.cl\/web\/index.php\/quienes-somos\/","title":{"rendered":"Qui\u00e9nes Somos"},"content":{"rendered":"<p><strong>\u00a0<\/strong><\/p>\n<p><span style=\"font-size: 14pt;\"><strong>\u00bfQui\u00e9nes somos?<\/strong><\/span><\/p>\n<p>La Escuela Particular Chovi San Juan Comienza su funcionamiento en marzo de 2001, siendo fundada por el profesor Don Olegario Mu\u00f1oz \u00c1lvarez.<\/p>\n<p>Con los a\u00f1os se ha convertido en un refrente de la educaci\u00f3n de calidad en la comuna de Dalcahue. Actualmente cuenta con una matr\u00edcula de 130 estudiantes, entre los cursos primero y octavo b\u00e1sicos. Equipo profesional multidisciplinario, profesionales del Proyecto de Integraci\u00f3n, profesores de Educaci\u00f3n B\u00e1sica y un equipo de asistentes de la educaci\u00f3n que permiten potenciar el desarrollo integral de los estudiantes. El establecimiento, adem\u00e1s, ofrece movilizaci\u00f3n gratuita, alimentaci\u00f3n Junaeb, Gimnasio, Biblioteca CRA, y una serie de interesantes talleres extraprogram\u00e1ticos. Est\u00e1 emplazada en un hermoso entorno natural, cuenta con patio de juegos y bosque nativo.<\/p>\n<p>Desarrollamos en los ni\u00f1os y ni\u00f1as, al m\u00e1ximo sus potencialidades para insertarlos en la educaci\u00f3n media y superior.<\/p>\n<p>Somos un referente de excelencia, formando estudiantes que se desarrollen integralmente, y logren ser agentes de cambio social y l\u00edderes positivos dentro de su comunidad y sociedad.<\/p>\n<p>&nbsp;<\/p>\n<p>&nbsp;<\/p>\n<p>&nbsp;<\/p>\n<p>&nbsp;<\/p>\n<p>&nbsp;<\/p>\n<p>&nbsp;<\/p>\n","protected":false},"excerpt":{"rendered":"<p>\u00a0 \u00bfQui\u00e9nes somos? La Escuela Particular Chovi San Juan Comienza su funcionamiento en marzo de 2001, siendo fundada por el profesor Don Olegario Mu\u00f1oz \u00c1lvarez. Con los a\u00f1os se ha convertido en un refrente de la educaci\u00f3n de calidad en la comuna de Dalcahue. Actualmente cuenta con una matr\u00edcula de&#8230;<\/p>\n","protected":false},"author":1,"featured_media":0,"parent":0,"menu_order":0,"comment_status":"closed","ping_status":"closed","template":"templates\/full-width-page.php","meta":{"footnotes":""},"class_list":["post-1225","page","type-page","status-publish","hentry"],"_links":{"self":[{"href":"https:\/\/escuelachovisanjuan.cl\/web\/index.php\/wp-json\/wp\/v2\/pages\/1225","targetHints":{"allow":["GET"]}}],"collection":[{"href":"https:\/\/escuelachovisanjuan.cl\/web\/index.php\/wp-json\/wp\/v2\/pages"}],"about":[{"href":"https:\/\/escuelachovisanjuan.cl\/web\/index.php\/wp-json\/wp\/v2\/types\/page"}],"author":[{"embeddable":true,"href":"https:\/\/escuelachovisanjuan.cl\/web\/index.php\/wp-json\/wp\/v2\/users\/1"}],"replies":[{"embeddable":true,"href":"https:\/\/escuelachovisanjuan.cl\/web\/index.php\/wp-json\/wp\/v2\/comments?post=1225"}],"version-history":[{"count":35,"href":"https:\/\/escuelachovisanjuan.cl\/web\/index.php\/wp-json\/wp\/v2\/pages\/1225\/revisions"}],"predecessor-version":[{"id":8931,"href":"https:\/\/escuelachovisanjuan.cl\/web\/index.php\/wp-json\/wp\/v2\/pages\/1225\/revisions\/8931"}],"wp:attachment":[{"href":"https:\/\/escuelachovisanjuan.cl\/web\/index.php\/wp-json\/wp\/v2\/media?parent=1225"}],"curies":[{"name":"wp","href":"https:\/\/api.w.org\/{rel}","templated":true}]}}