{"id":1399,"date":"2016-10-26T16:44:19","date_gmt":"2016-10-26T16:44:19","guid":{"rendered":"http:\/\/192.168.2.249\/t\/chovi2\/?page_id=1399"},"modified":"2026-03-02T18:19:32","modified_gmt":"2026-03-02T18:19:32","slug":"funcionarios","status":"publish","type":"page","link":"https:\/\/escuelachovisanjuan.cl\/web\/index.php\/funcionarios\/","title":{"rendered":"Funcionarios 2026"},"content":{"rendered":"<p><span style=\"font-size: 18pt;\"><strong>Personal 2026<\/strong><\/span><\/p>\n<p><em>Sostenedor<\/em><br \/>\nOlegario Mu\u00f1oz \u00c1lvarez<\/p>\n<p>Mario Mu\u00f1oz Miranda<\/p>\n<p><em>(Director)<\/em><\/p>\n<p>Yohana Bustamante Ojeda<br \/>\n<em>(Inspectora General)<\/em><\/p>\n<p>Pamela Vel\u00e1squez Cul\u00fan<\/p>\n<p><em>(UTP)<\/em><\/p>\n<p>&nbsp;<\/p>\n<p><strong><em>Equipo Docente:<\/em><\/strong><\/p>\n<p>Maritza Trujillo<\/p>\n<p>Renato Niklistchek Schilling<\/p>\n<p>Berter Mu\u00f1oz Barr\u00eda<\/p>\n<p>Yocelyn Igor Tereuc\u00e1n<\/p>\n<p>Cristina Barr\u00eda Barr\u00eda<\/p>\n<p>Felipe Ram\u00edrez Calbuyahue<\/p>\n<p>&nbsp;<\/p>\n<p><strong><em>Proyecto Integraci\u00f3n Escolar:<\/em><\/strong><br \/>\nValentina Torres Haro (Educadora Diferencial)<\/p>\n<p>Marita Aguil Mansilla (Psicopedagoga)<\/p>\n<p>Cecilia Rojas Oyanedel (Psic\u00f3loga \/ Encargada de Convivencia Escolar)<\/p>\n<p>Mar\u00eda Constanza Bahamonde (Fonoaudi\u00f3loga)<\/p>\n<p>&nbsp;<\/p>\n<p><strong><em>Asistentes sala:<\/em><\/strong><br \/>\nMar\u00eda Rosario Aguilar Barr\u00eda<\/p>\n<p>Johanna Miranda<\/p>\n<p>Claudia Barrientos<\/p>\n<p>&nbsp;<\/p>\n<p><strong><em>Asistentes de la Educaci\u00f3n:<\/em><\/strong><br \/>\nErika Mu\u00f1oz Barrientos<\/p>\n<p>Valentina Rojas Vivar<\/p>\n<p>Valeska Bustamante Torres<\/p>\n<p>Andr\u00e9s Bustamante<\/p>\n<p>Guillermo Mu\u00f1oz Barr\u00eda<\/p>\n<p>Rosa Vidal<br \/>\nPaola Saldivia<br \/>\nRub\u00e9n \u00c1lvarez<\/p>\n<p>&nbsp;<\/p>\n<p>&nbsp;<\/p>\n","protected":false},"excerpt":{"rendered":"<p>Personal 2026 Sostenedor Olegario Mu\u00f1oz \u00c1lvarez Mario Mu\u00f1oz Miranda (Director) Yohana Bustamante Ojeda (Inspectora General) Pamela Vel\u00e1squez Cul\u00fan (UTP) &nbsp; Equipo Docente: Maritza Trujillo Renato Niklistchek Schilling Berter Mu\u00f1oz Barr\u00eda Yocelyn Igor Tereuc\u00e1n Cristina Barr\u00eda Barr\u00eda Felipe Ram\u00edrez Calbuyahue &nbsp; Proyecto Integraci\u00f3n Escolar: Valentina Torres Haro (Educadora Diferencial) Marita Aguil&#8230;<\/p>\n","protected":false},"author":1,"featured_media":0,"parent":0,"menu_order":0,"comment_status":"closed","ping_status":"closed","template":"templates\/full-width-page.php","meta":{"footnotes":""},"class_list":["post-1399","page","type-page","status-publish","hentry"],"_links":{"self":[{"href":"https:\/\/escuelachovisanjuan.cl\/web\/index.php\/wp-json\/wp\/v2\/pages\/1399","targetHints":{"allow":["GET"]}}],"collection":[{"href":"https:\/\/escuelachovisanjuan.cl\/web\/index.php\/wp-json\/wp\/v2\/pages"}],"about":[{"href":"https:\/\/escuelachovisanjuan.cl\/web\/index.php\/wp-json\/wp\/v2\/types\/page"}],"author":[{"embeddable":true,"href":"https:\/\/escuelachovisanjuan.cl\/web\/index.php\/wp-json\/wp\/v2\/users\/1"}],"replies":[{"embeddable":true,"href":"https:\/\/escuelachovisanjuan.cl\/web\/index.php\/wp-json\/wp\/v2\/comments?post=1399"}],"version-history":[{"count":42,"href":"https:\/\/escuelachovisanjuan.cl\/web\/index.php\/wp-json\/wp\/v2\/pages\/1399\/revisions"}],"predecessor-version":[{"id":8923,"href":"https:\/\/escuelachovisanjuan.cl\/web\/index.php\/wp-json\/wp\/v2\/pages\/1399\/revisions\/8923"}],"wp:attachment":[{"href":"https:\/\/escuelachovisanjuan.cl\/web\/index.php\/wp-json\/wp\/v2\/media?parent=1399"}],"curies":[{"name":"wp","href":"https:\/\/api.w.org\/{rel}","templated":true}]}}