{"id":1447,"date":"2016-11-02T17:43:14","date_gmt":"2016-11-02T17:43:14","guid":{"rendered":"http:\/\/192.168.2.249\/t\/chovi2\/?page_id=1447"},"modified":"2026-03-04T19:15:12","modified_gmt":"2026-03-04T19:15:12","slug":"admision-2017","status":"publish","type":"page","link":"https:\/\/escuelachovisanjuan.cl\/web\/index.php\/admision-2017\/","title":{"rendered":"\u00a1Bienvenido a\u00f1o escolar 2026!"},"content":{"rendered":"<p>El d\u00eda mi\u00e9rcoles 4 de marzo comenz\u00f3 una nueva aventura en nuestro colegio con el inicio del a\u00f1o acad\u00e9mico 2026. Esperamos que este ciclo est\u00e9 colmado de \u00e9xitos, aprendizajes, y espacios de sana convivencia y amistad, sello que catacteriza al Colegio Chovi San Juan.<\/p>\r\n<p>&nbsp;<\/p>\r\n\r\n<p>&nbsp;<\/p>\r\n<p>&nbsp;<\/p>\r\n<p>&nbsp;<\/p>\r\n<p>&nbsp;<\/p>\r\n<p>&nbsp;<\/p>\r\n<p>&nbsp;<\/p>\r\n<p>&nbsp;<\/p>\r\n<p>&nbsp;<\/p>\r\n<p>&nbsp;<\/p>\r\n<p>&nbsp;<\/p>\r\n<p>&nbsp;<\/p>","protected":false},"excerpt":{"rendered":"<p>El d\u00eda mi\u00e9rcoles 4 de marzo comenz\u00f3 una nueva aventura en nuestro colegio con el inicio del a\u00f1o acad\u00e9mico 2026. Esperamos que este ciclo est\u00e9 colmado de \u00e9xitos, aprendizajes, y espacios de sana convivencia y amistad, sello que catacteriza al Colegio Chovi San Juan. &nbsp; &nbsp; &nbsp; &nbsp; &nbsp; &nbsp;&#8230;<\/p>\n","protected":false},"author":1,"featured_media":8927,"parent":0,"menu_order":0,"comment_status":"closed","ping_status":"closed","template":"templates\/full-width-page.php","meta":{"footnotes":""},"class_list":["post-1447","page","type-page","status-publish","has-post-thumbnail","hentry"],"_links":{"self":[{"href":"https:\/\/escuelachovisanjuan.cl\/web\/index.php\/wp-json\/wp\/v2\/pages\/1447","targetHints":{"allow":["GET"]}}],"collection":[{"href":"https:\/\/escuelachovisanjuan.cl\/web\/index.php\/wp-json\/wp\/v2\/pages"}],"about":[{"href":"https:\/\/escuelachovisanjuan.cl\/web\/index.php\/wp-json\/wp\/v2\/types\/page"}],"author":[{"embeddable":true,"href":"https:\/\/escuelachovisanjuan.cl\/web\/index.php\/wp-json\/wp\/v2\/users\/1"}],"replies":[{"embeddable":true,"href":"https:\/\/escuelachovisanjuan.cl\/web\/index.php\/wp-json\/wp\/v2\/comments?post=1447"}],"version-history":[{"count":51,"href":"https:\/\/escuelachovisanjuan.cl\/web\/index.php\/wp-json\/wp\/v2\/pages\/1447\/revisions"}],"predecessor-version":[{"id":8928,"href":"https:\/\/escuelachovisanjuan.cl\/web\/index.php\/wp-json\/wp\/v2\/pages\/1447\/revisions\/8928"}],"wp:featuredmedia":[{"embeddable":true,"href":"https:\/\/escuelachovisanjuan.cl\/web\/index.php\/wp-json\/wp\/v2\/media\/8927"}],"wp:attachment":[{"href":"https:\/\/escuelachovisanjuan.cl\/web\/index.php\/wp-json\/wp\/v2\/media?parent=1447"}],"curies":[{"name":"wp","href":"https:\/\/api.w.org\/{rel}","templated":true}]}}