{"id":1453,"date":"2016-11-02T17:48:58","date_gmt":"2016-11-02T17:48:58","guid":{"rendered":"http:\/\/192.168.2.249\/t\/chovi2\/?page_id=1453"},"modified":"2025-04-28T15:12:19","modified_gmt":"2025-04-28T15:12:19","slug":"primero-a-cuarto-basico","status":"publish","type":"page","link":"https:\/\/escuelachovisanjuan.cl\/web\/index.php\/primero-a-cuarto-basico\/","title":{"rendered":"Primer ciclo 2025"},"content":{"rendered":"<figure id=\"attachment_8121\" aria-describedby=\"caption-attachment-8121\" style=\"width: 350px\" class=\"wp-caption alignnone\"><img loading=\"lazy\" decoding=\"async\" class=\"wp-image-8121\" src=\"https:\/\/escuelachovisanjuan.cl\/web\/wp-content\/uploads\/2025\/04\/primero-300x279.jpg\" alt=\"\" width=\"350\" height=\"326\" srcset=\"https:\/\/escuelachovisanjuan.cl\/web\/wp-content\/uploads\/2025\/04\/primero-300x279.jpg 300w, https:\/\/escuelachovisanjuan.cl\/web\/wp-content\/uploads\/2025\/04\/primero-1024x953.jpg 1024w, https:\/\/escuelachovisanjuan.cl\/web\/wp-content\/uploads\/2025\/04\/primero-768x715.jpg 768w, https:\/\/escuelachovisanjuan.cl\/web\/wp-content\/uploads\/2025\/04\/primero-1536x1430.jpg 1536w, https:\/\/escuelachovisanjuan.cl\/web\/wp-content\/uploads\/2025\/04\/primero-2048x1906.jpg 2048w\" sizes=\"auto, (max-width: 350px) 100vw, 350px\" \/><figcaption id=\"caption-attachment-8121\" class=\"wp-caption-text\">1\u00b0 b\u00e1sico Profesora Jefe: Yocelin Igor Asistente Sala: Johanna Miranda<\/figcaption><\/figure>\n<p>&nbsp;<\/p>\n<figure id=\"attachment_8122\" aria-describedby=\"caption-attachment-8122\" style=\"width: 350px\" class=\"wp-caption alignnone\"><img loading=\"lazy\" decoding=\"async\" class=\"wp-image-8122\" src=\"https:\/\/escuelachovisanjuan.cl\/web\/wp-content\/uploads\/2025\/04\/segundo-300x256.jpg\" alt=\"\" width=\"350\" height=\"299\" srcset=\"https:\/\/escuelachovisanjuan.cl\/web\/wp-content\/uploads\/2025\/04\/segundo-300x256.jpg 300w, https:\/\/escuelachovisanjuan.cl\/web\/wp-content\/uploads\/2025\/04\/segundo-1024x874.jpg 1024w, https:\/\/escuelachovisanjuan.cl\/web\/wp-content\/uploads\/2025\/04\/segundo-768x655.jpg 768w, https:\/\/escuelachovisanjuan.cl\/web\/wp-content\/uploads\/2025\/04\/segundo-1536x1311.jpg 1536w, https:\/\/escuelachovisanjuan.cl\/web\/wp-content\/uploads\/2025\/04\/segundo-2048x1748.jpg 2048w\" sizes=\"auto, (max-width: 350px) 100vw, 350px\" \/><figcaption id=\"caption-attachment-8122\" class=\"wp-caption-text\">2\u00b0 b\u00e1sico<br \/>Profesora Jefe: Yocelin Igor<br \/>Asistente Sala: Johanna Miranda<\/figcaption><\/figure>\n<p>&nbsp;<\/p>\n<figure id=\"attachment_8123\" aria-describedby=\"caption-attachment-8123\" style=\"width: 350px\" class=\"wp-caption alignnone\"><img loading=\"lazy\" decoding=\"async\" class=\"wp-image-8123\" src=\"https:\/\/escuelachovisanjuan.cl\/web\/wp-content\/uploads\/2025\/04\/tercero-300x240.jpg\" alt=\"\" width=\"350\" height=\"280\" srcset=\"https:\/\/escuelachovisanjuan.cl\/web\/wp-content\/uploads\/2025\/04\/tercero-300x240.jpg 300w, https:\/\/escuelachovisanjuan.cl\/web\/wp-content\/uploads\/2025\/04\/tercero-1024x819.jpg 1024w, https:\/\/escuelachovisanjuan.cl\/web\/wp-content\/uploads\/2025\/04\/tercero-768x614.jpg 768w, https:\/\/escuelachovisanjuan.cl\/web\/wp-content\/uploads\/2025\/04\/tercero-1536x1229.jpg 1536w, https:\/\/escuelachovisanjuan.cl\/web\/wp-content\/uploads\/2025\/04\/tercero.jpg 1920w\" sizes=\"auto, (max-width: 350px) 100vw, 350px\" \/><figcaption id=\"caption-attachment-8123\" class=\"wp-caption-text\">3\u00b0 b\u00e1sico<br \/>Profesora jefe: Cristina Barr\u00eda<br \/>Asistente Sala: Mar\u00eda Rosario Aguilar<\/figcaption><\/figure>\n<p>&nbsp;<\/p>\n<figure id=\"attachment_8124\" aria-describedby=\"caption-attachment-8124\" style=\"width: 350px\" class=\"wp-caption alignnone\"><img loading=\"lazy\" decoding=\"async\" class=\"wp-image-8124\" src=\"https:\/\/escuelachovisanjuan.cl\/web\/wp-content\/uploads\/2025\/04\/cuarto-300x225.jpg\" alt=\"\" width=\"350\" height=\"263\" srcset=\"https:\/\/escuelachovisanjuan.cl\/web\/wp-content\/uploads\/2025\/04\/cuarto-300x225.jpg 300w, https:\/\/escuelachovisanjuan.cl\/web\/wp-content\/uploads\/2025\/04\/cuarto-1024x768.jpg 1024w, https:\/\/escuelachovisanjuan.cl\/web\/wp-content\/uploads\/2025\/04\/cuarto-768x576.jpg 768w, https:\/\/escuelachovisanjuan.cl\/web\/wp-content\/uploads\/2025\/04\/cuarto-1536x1152.jpg 1536w, https:\/\/escuelachovisanjuan.cl\/web\/wp-content\/uploads\/2025\/04\/cuarto-2048x1536.jpg 2048w\" sizes=\"auto, (max-width: 350px) 100vw, 350px\" \/><figcaption id=\"caption-attachment-8124\" class=\"wp-caption-text\">4\u00b0 b\u00e1sico Profesora jefe: Cristina Barr\u00eda Asistente sala: Mar\u00eda Rosario Aguilar<\/figcaption><\/figure>\n<p>&nbsp;<\/p>\n<p>&nbsp;<\/p>\n","protected":false},"excerpt":{"rendered":"<p>&nbsp; &nbsp; &nbsp; &nbsp; &nbsp;<\/p>\n","protected":false},"author":1,"featured_media":8122,"parent":0,"menu_order":0,"comment_status":"closed","ping_status":"closed","template":"templates\/full-width-page.php","meta":{"footnotes":""},"class_list":["post-1453","page","type-page","status-publish","has-post-thumbnail","hentry"],"_links":{"self":[{"href":"https:\/\/escuelachovisanjuan.cl\/web\/index.php\/wp-json\/wp\/v2\/pages\/1453","targetHints":{"allow":["GET"]}}],"collection":[{"href":"https:\/\/escuelachovisanjuan.cl\/web\/index.php\/wp-json\/wp\/v2\/pages"}],"about":[{"href":"https:\/\/escuelachovisanjuan.cl\/web\/index.php\/wp-json\/wp\/v2\/types\/page"}],"author":[{"embeddable":true,"href":"https:\/\/escuelachovisanjuan.cl\/web\/index.php\/wp-json\/wp\/v2\/users\/1"}],"replies":[{"embeddable":true,"href":"https:\/\/escuelachovisanjuan.cl\/web\/index.php\/wp-json\/wp\/v2\/comments?post=1453"}],"version-history":[{"count":14,"href":"https:\/\/escuelachovisanjuan.cl\/web\/index.php\/wp-json\/wp\/v2\/pages\/1453\/revisions"}],"predecessor-version":[{"id":8130,"href":"https:\/\/escuelachovisanjuan.cl\/web\/index.php\/wp-json\/wp\/v2\/pages\/1453\/revisions\/8130"}],"wp:featuredmedia":[{"embeddable":true,"href":"https:\/\/escuelachovisanjuan.cl\/web\/index.php\/wp-json\/wp\/v2\/media\/8122"}],"wp:attachment":[{"href":"https:\/\/escuelachovisanjuan.cl\/web\/index.php\/wp-json\/wp\/v2\/media?parent=1453"}],"curies":[{"name":"wp","href":"https:\/\/api.w.org\/{rel}","templated":true}]}}