{"id":1537,"date":"2016-11-09T21:50:22","date_gmt":"2016-11-09T21:50:22","guid":{"rendered":"http:\/\/escuelachovisanjuan.cl\/web\/?page_id=1537"},"modified":"2025-05-11T02:32:49","modified_gmt":"2025-05-11T02:32:49","slug":"informativo-taller-de-periodismo","status":"publish","type":"page","link":"https:\/\/escuelachovisanjuan.cl\/web\/index.php\/informativo-taller-de-periodismo\/","title":{"rendered":"Brigada Ecol\u00f3gica"},"content":{"rendered":"<p>&nbsp;<\/p>\n<p>Reforzando el compromiso con la Educaci\u00f3n Ambiental, se cre\u00f3 la Brigada Ecol\u00f3gica. Este proyecto no s\u00f3lo educa a la comunidad escolar acerca de la importancia del respeto por el medio ambiente y potenciando el reciclaje y reutilizaci\u00f3n, sino tambi\u00e9n trabaja activamente en hermoseamiento y cuidado de nuestro entorno natural.<\/p>\n<p><img loading=\"lazy\" decoding=\"async\" class=\"aligncenter wp-image-8165 size-full\" src=\"https:\/\/escuelachovisanjuan.cl\/web\/wp-content\/uploads\/2025\/05\/494202747_122229049100235632_4604770249491013271_n.jpg\" alt=\"\" width=\"836\" height=\"926\" srcset=\"https:\/\/escuelachovisanjuan.cl\/web\/wp-content\/uploads\/2025\/05\/494202747_122229049100235632_4604770249491013271_n.jpg 836w, https:\/\/escuelachovisanjuan.cl\/web\/wp-content\/uploads\/2025\/05\/494202747_122229049100235632_4604770249491013271_n-271x300.jpg 271w, https:\/\/escuelachovisanjuan.cl\/web\/wp-content\/uploads\/2025\/05\/494202747_122229049100235632_4604770249491013271_n-768x851.jpg 768w\" sizes=\"auto, (max-width: 836px) 100vw, 836px\" \/><\/p>\n<p>&nbsp;<\/p>\n<p>&nbsp;<\/p>\n<p>&nbsp;<\/p>\n<p>&nbsp;<\/p>\n","protected":false},"excerpt":{"rendered":"<p>&nbsp; Reforzando el compromiso con la Educaci\u00f3n Ambiental, se cre\u00f3 la Brigada Ecol\u00f3gica. Este proyecto no s\u00f3lo educa a la comunidad escolar acerca de la importancia del respeto por el medio ambiente y potenciando el reciclaje y reutilizaci\u00f3n, sino tambi\u00e9n trabaja activamente en hermoseamiento y cuidado de nuestro entorno natural&#8230;.<\/p>\n","protected":false},"author":1,"featured_media":8165,"parent":0,"menu_order":0,"comment_status":"closed","ping_status":"closed","template":"","meta":{"footnotes":""},"class_list":["post-1537","page","type-page","status-publish","has-post-thumbnail","hentry"],"_links":{"self":[{"href":"https:\/\/escuelachovisanjuan.cl\/web\/index.php\/wp-json\/wp\/v2\/pages\/1537","targetHints":{"allow":["GET"]}}],"collection":[{"href":"https:\/\/escuelachovisanjuan.cl\/web\/index.php\/wp-json\/wp\/v2\/pages"}],"about":[{"href":"https:\/\/escuelachovisanjuan.cl\/web\/index.php\/wp-json\/wp\/v2\/types\/page"}],"author":[{"embeddable":true,"href":"https:\/\/escuelachovisanjuan.cl\/web\/index.php\/wp-json\/wp\/v2\/users\/1"}],"replies":[{"embeddable":true,"href":"https:\/\/escuelachovisanjuan.cl\/web\/index.php\/wp-json\/wp\/v2\/comments?post=1537"}],"version-history":[{"count":12,"href":"https:\/\/escuelachovisanjuan.cl\/web\/index.php\/wp-json\/wp\/v2\/pages\/1537\/revisions"}],"predecessor-version":[{"id":8167,"href":"https:\/\/escuelachovisanjuan.cl\/web\/index.php\/wp-json\/wp\/v2\/pages\/1537\/revisions\/8167"}],"wp:featuredmedia":[{"embeddable":true,"href":"https:\/\/escuelachovisanjuan.cl\/web\/index.php\/wp-json\/wp\/v2\/media\/8165"}],"wp:attachment":[{"href":"https:\/\/escuelachovisanjuan.cl\/web\/index.php\/wp-json\/wp\/v2\/media?parent=1537"}],"curies":[{"name":"wp","href":"https:\/\/api.w.org\/{rel}","templated":true}]}}