{"id":1540,"date":"2016-11-09T21:50:42","date_gmt":"2016-11-09T21:50:42","guid":{"rendered":"http:\/\/escuelachovisanjuan.cl\/web\/?page_id=1540"},"modified":"2025-05-11T02:12:03","modified_gmt":"2025-05-11T02:12:03","slug":"taller-de-artes","status":"publish","type":"page","link":"https:\/\/escuelachovisanjuan.cl\/web\/index.php\/taller-de-artes\/","title":{"rendered":"Taller de Artes"},"content":{"rendered":"<p>&nbsp;<\/p>\n<p><strong>Taller de Artes<\/strong><\/p>\n<p>Taller exploratorio y de experimentaci\u00f3n en el cual se realizan trabajos creativos a trav\u00e9s de la utilizaci\u00f3n de diversos materiales descubriendo y acerc\u00e1ndose al mundo de las artes pl\u00e1sticas, los ni\u00f1os y ni\u00f1as aprenden sobre colores, formas, texturas, composici\u00f3n y distintas t\u00e9cnicas art\u00edsticas. Est\u00e1 orientado a potenciar habilidades psicomotrices, la capacidad de observaci\u00f3n y sobre todo estimular el desarrollo de la creatividad. Esta dirigido por la publicista y artista Jocelyn Pino.<\/p>\n<p>&nbsp;<\/p>\n<p><img loading=\"lazy\" decoding=\"async\" class=\"alignnone size-medium wp-image-8154 aligncenter\" src=\"https:\/\/escuelachovisanjuan.cl\/web\/wp-content\/uploads\/2025\/05\/488946608_122222970146235632_9129986220019195291_n-300x225.jpg\" alt=\"\" width=\"300\" height=\"225\" srcset=\"https:\/\/escuelachovisanjuan.cl\/web\/wp-content\/uploads\/2025\/05\/488946608_122222970146235632_9129986220019195291_n-300x225.jpg 300w, https:\/\/escuelachovisanjuan.cl\/web\/wp-content\/uploads\/2025\/05\/488946608_122222970146235632_9129986220019195291_n-1024x768.jpg 1024w, https:\/\/escuelachovisanjuan.cl\/web\/wp-content\/uploads\/2025\/05\/488946608_122222970146235632_9129986220019195291_n-768x576.jpg 768w, https:\/\/escuelachovisanjuan.cl\/web\/wp-content\/uploads\/2025\/05\/488946608_122222970146235632_9129986220019195291_n-1536x1152.jpg 1536w, https:\/\/escuelachovisanjuan.cl\/web\/wp-content\/uploads\/2025\/05\/488946608_122222970146235632_9129986220019195291_n.jpg 2048w\" sizes=\"auto, (max-width: 300px) 100vw, 300px\" \/><\/p>\n<div align=\"justify\"><\/div>\n","protected":false},"excerpt":{"rendered":"<p>&nbsp; Taller de Artes Taller exploratorio y de experimentaci\u00f3n en el cual se realizan trabajos creativos a trav\u00e9s de la utilizaci\u00f3n de diversos materiales descubriendo y acerc\u00e1ndose al mundo de las artes pl\u00e1sticas, los ni\u00f1os y ni\u00f1as aprenden sobre colores, formas, texturas, composici\u00f3n y distintas t\u00e9cnicas art\u00edsticas. Est\u00e1 orientado a&#8230;<\/p>\n","protected":false},"author":1,"featured_media":8154,"parent":0,"menu_order":0,"comment_status":"closed","ping_status":"closed","template":"","meta":{"footnotes":""},"class_list":["post-1540","page","type-page","status-publish","has-post-thumbnail","hentry"],"_links":{"self":[{"href":"https:\/\/escuelachovisanjuan.cl\/web\/index.php\/wp-json\/wp\/v2\/pages\/1540","targetHints":{"allow":["GET"]}}],"collection":[{"href":"https:\/\/escuelachovisanjuan.cl\/web\/index.php\/wp-json\/wp\/v2\/pages"}],"about":[{"href":"https:\/\/escuelachovisanjuan.cl\/web\/index.php\/wp-json\/wp\/v2\/types\/page"}],"author":[{"embeddable":true,"href":"https:\/\/escuelachovisanjuan.cl\/web\/index.php\/wp-json\/wp\/v2\/users\/1"}],"replies":[{"embeddable":true,"href":"https:\/\/escuelachovisanjuan.cl\/web\/index.php\/wp-json\/wp\/v2\/comments?post=1540"}],"version-history":[{"count":11,"href":"https:\/\/escuelachovisanjuan.cl\/web\/index.php\/wp-json\/wp\/v2\/pages\/1540\/revisions"}],"predecessor-version":[{"id":8155,"href":"https:\/\/escuelachovisanjuan.cl\/web\/index.php\/wp-json\/wp\/v2\/pages\/1540\/revisions\/8155"}],"wp:featuredmedia":[{"embeddable":true,"href":"https:\/\/escuelachovisanjuan.cl\/web\/index.php\/wp-json\/wp\/v2\/media\/8154"}],"wp:attachment":[{"href":"https:\/\/escuelachovisanjuan.cl\/web\/index.php\/wp-json\/wp\/v2\/media?parent=1540"}],"curies":[{"name":"wp","href":"https:\/\/api.w.org\/{rel}","templated":true}]}}