{"id":1544,"date":"2016-11-09T21:51:11","date_gmt":"2016-11-09T21:51:11","guid":{"rendered":"http:\/\/escuelachovisanjuan.cl\/web\/?page_id=1544"},"modified":"2025-05-11T02:16:23","modified_gmt":"2025-05-11T02:16:23","slug":"taller-de-deportes","status":"publish","type":"page","link":"https:\/\/escuelachovisanjuan.cl\/web\/index.php\/taller-de-deportes\/","title":{"rendered":"Taller de Deportes"},"content":{"rendered":"<div align=\"justify\"><\/div>\n<div align=\"justify\">Cumpliendo el compromiso de potenciar la actividad f\u00edsica y los h\u00e1bitos deportivos y de vida saludable, el Taller de Deportes, a cargo del preparador f\u00edsico Andr\u00e9s Bustamante, introduce a los alumnos en el desarrollo del \u00e1rea futbol\u00edstica y otras disciplinas.<\/div>\n<div align=\"justify\"><\/div>\n<div align=\"justify\"><img loading=\"lazy\" decoding=\"async\" class=\"size-medium wp-image-8156 aligncenter\" src=\"https:\/\/escuelachovisanjuan.cl\/web\/wp-content\/uploads\/2025\/05\/IMG-20241121-WA0109-300x225.jpg\" alt=\"\" width=\"300\" height=\"225\" srcset=\"https:\/\/escuelachovisanjuan.cl\/web\/wp-content\/uploads\/2025\/05\/IMG-20241121-WA0109-300x225.jpg 300w, https:\/\/escuelachovisanjuan.cl\/web\/wp-content\/uploads\/2025\/05\/IMG-20241121-WA0109-1024x768.jpg 1024w, https:\/\/escuelachovisanjuan.cl\/web\/wp-content\/uploads\/2025\/05\/IMG-20241121-WA0109-768x576.jpg 768w, https:\/\/escuelachovisanjuan.cl\/web\/wp-content\/uploads\/2025\/05\/IMG-20241121-WA0109.jpg 1040w\" sizes=\"auto, (max-width: 300px) 100vw, 300px\" \/><\/div>\n","protected":false},"excerpt":{"rendered":"<p>Cumpliendo el compromiso de potenciar la actividad f\u00edsica y los h\u00e1bitos deportivos y de vida saludable, el Taller de Deportes, a cargo del preparador f\u00edsico Andr\u00e9s Bustamante, introduce a los alumnos en el desarrollo del \u00e1rea futbol\u00edstica y otras disciplinas.<\/p>\n","protected":false},"author":1,"featured_media":8156,"parent":0,"menu_order":0,"comment_status":"closed","ping_status":"closed","template":"","meta":{"footnotes":""},"class_list":["post-1544","page","type-page","status-publish","has-post-thumbnail","hentry"],"_links":{"self":[{"href":"https:\/\/escuelachovisanjuan.cl\/web\/index.php\/wp-json\/wp\/v2\/pages\/1544","targetHints":{"allow":["GET"]}}],"collection":[{"href":"https:\/\/escuelachovisanjuan.cl\/web\/index.php\/wp-json\/wp\/v2\/pages"}],"about":[{"href":"https:\/\/escuelachovisanjuan.cl\/web\/index.php\/wp-json\/wp\/v2\/types\/page"}],"author":[{"embeddable":true,"href":"https:\/\/escuelachovisanjuan.cl\/web\/index.php\/wp-json\/wp\/v2\/users\/1"}],"replies":[{"embeddable":true,"href":"https:\/\/escuelachovisanjuan.cl\/web\/index.php\/wp-json\/wp\/v2\/comments?post=1544"}],"version-history":[{"count":8,"href":"https:\/\/escuelachovisanjuan.cl\/web\/index.php\/wp-json\/wp\/v2\/pages\/1544\/revisions"}],"predecessor-version":[{"id":8157,"href":"https:\/\/escuelachovisanjuan.cl\/web\/index.php\/wp-json\/wp\/v2\/pages\/1544\/revisions\/8157"}],"wp:featuredmedia":[{"embeddable":true,"href":"https:\/\/escuelachovisanjuan.cl\/web\/index.php\/wp-json\/wp\/v2\/media\/8156"}],"wp:attachment":[{"href":"https:\/\/escuelachovisanjuan.cl\/web\/index.php\/wp-json\/wp\/v2\/media?parent=1544"}],"curies":[{"name":"wp","href":"https:\/\/api.w.org\/{rel}","templated":true}]}}