{"id":1546,"date":"2016-11-09T21:51:23","date_gmt":"2016-11-09T21:51:23","guid":{"rendered":"http:\/\/escuelachovisanjuan.cl\/web\/?page_id=1546"},"modified":"2025-05-11T02:25:18","modified_gmt":"2025-05-11T02:25:18","slug":"taller-de-periodismo","status":"publish","type":"page","link":"https:\/\/escuelachovisanjuan.cl\/web\/index.php\/taller-de-periodismo\/","title":{"rendered":"Taller de Periodismo"},"content":{"rendered":"<p>&nbsp;<\/p>\n<p>A cargo de la periodista Valentina Rojas, este taller est\u00e1 enfocado a trabajar con los alumnos sico q<span style=\"font-size: 0.9375rem;\">ue se destacan por su inter\u00e9s y capacidad en Lenguaje y Comunicaci\u00f3n. Los alumnos producen diversos textos del g\u00e9nero period\u00edstico, los que se traducen en un Informativo Mensual, y son los encargados de tomar las fotograf\u00edas que posteriormente sirven para alimentar la P\u00e1gina Web y el Facebook del establecimiento.<\/span><\/p>\n<p>Asimismo, se desarrollan proyectos de Fomento Lector, a trav\u00e9s de cuenta cuentos y Kamishibai.<\/p>\n<p><img loading=\"lazy\" decoding=\"async\" class=\"aligncenter wp-image-8161 size-large\" src=\"https:\/\/escuelachovisanjuan.cl\/web\/wp-content\/uploads\/2025\/05\/495178701_122230908566235632_530960869190310667_n-1024x768.jpg\" alt=\"\" width=\"790\" height=\"593\" srcset=\"https:\/\/escuelachovisanjuan.cl\/web\/wp-content\/uploads\/2025\/05\/495178701_122230908566235632_530960869190310667_n-1024x768.jpg 1024w, https:\/\/escuelachovisanjuan.cl\/web\/wp-content\/uploads\/2025\/05\/495178701_122230908566235632_530960869190310667_n-300x225.jpg 300w, https:\/\/escuelachovisanjuan.cl\/web\/wp-content\/uploads\/2025\/05\/495178701_122230908566235632_530960869190310667_n-768x576.jpg 768w, https:\/\/escuelachovisanjuan.cl\/web\/wp-content\/uploads\/2025\/05\/495178701_122230908566235632_530960869190310667_n-1536x1152.jpg 1536w, https:\/\/escuelachovisanjuan.cl\/web\/wp-content\/uploads\/2025\/05\/495178701_122230908566235632_530960869190310667_n.jpg 2048w\" sizes=\"auto, (max-width: 790px) 100vw, 790px\" \/><\/p>\n<p>&nbsp;<\/p>\n<div align=\"justify\"><\/div>\n<div align=\"justify\"><\/div>\n","protected":false},"excerpt":{"rendered":"<p>&nbsp; A cargo de la periodista Valentina Rojas, este taller est\u00e1 enfocado a trabajar con los alumnos sico que se destacan por su inter\u00e9s y capacidad en Lenguaje y Comunicaci\u00f3n. Los alumnos producen diversos textos del g\u00e9nero period\u00edstico, los que se traducen en un Informativo Mensual, y son los encargados&#8230;<\/p>\n","protected":false},"author":1,"featured_media":8150,"parent":0,"menu_order":0,"comment_status":"closed","ping_status":"closed","template":"","meta":{"footnotes":""},"class_list":["post-1546","page","type-page","status-publish","has-post-thumbnail","hentry"],"_links":{"self":[{"href":"https:\/\/escuelachovisanjuan.cl\/web\/index.php\/wp-json\/wp\/v2\/pages\/1546","targetHints":{"allow":["GET"]}}],"collection":[{"href":"https:\/\/escuelachovisanjuan.cl\/web\/index.php\/wp-json\/wp\/v2\/pages"}],"about":[{"href":"https:\/\/escuelachovisanjuan.cl\/web\/index.php\/wp-json\/wp\/v2\/types\/page"}],"author":[{"embeddable":true,"href":"https:\/\/escuelachovisanjuan.cl\/web\/index.php\/wp-json\/wp\/v2\/users\/1"}],"replies":[{"embeddable":true,"href":"https:\/\/escuelachovisanjuan.cl\/web\/index.php\/wp-json\/wp\/v2\/comments?post=1546"}],"version-history":[{"count":10,"href":"https:\/\/escuelachovisanjuan.cl\/web\/index.php\/wp-json\/wp\/v2\/pages\/1546\/revisions"}],"predecessor-version":[{"id":8162,"href":"https:\/\/escuelachovisanjuan.cl\/web\/index.php\/wp-json\/wp\/v2\/pages\/1546\/revisions\/8162"}],"wp:featuredmedia":[{"embeddable":true,"href":"https:\/\/escuelachovisanjuan.cl\/web\/index.php\/wp-json\/wp\/v2\/media\/8150"}],"wp:attachment":[{"href":"https:\/\/escuelachovisanjuan.cl\/web\/index.php\/wp-json\/wp\/v2\/media?parent=1546"}],"curies":[{"name":"wp","href":"https:\/\/api.w.org\/{rel}","templated":true}]}}